{"id":59716,"date":"2026-04-24T01:14:36","date_gmt":"2026-04-23T23:14:36","guid":{"rendered":"https:\/\/chestxray.co.za\/?post_type=product&#038;p=59716"},"modified":"2026-04-24T01:15:32","modified_gmt":"2026-04-23T23:15:32","slug":"bella-ombre-brush","status":"publish","type":"product","link":"https:\/\/chestxray.co.za\/?product=bella-ombre-brush","title":{"rendered":"Bella Ombr\u00e9 Brush"},"content":{"rendered":"<p>Our high quality i-Spa Ombr\u00e9 brush will help you create the perfect gel polish or nail polish Ombr\u00e9 look that you desire!<\/p>\n","protected":false},"excerpt":{"rendered":"<p>Our high quality i-Spa Ombr\u00e9 brush will help you create the perfect gel polish or nail polish Ombr\u00e9 look that you desire!<\/p>\n","protected":false},"featured_media":59776,"template":"","meta":{"content-type":""},"product_brand":[],"product_cat":[6364],"product_tag":[16067],"class_list":{"0":"post-59716","1":"product","2":"type-product","3":"status-publish","4":"has-post-thumbnail","6":"product_cat-nail-brushes","7":"product_tag-bella-ombre-brush","9":"first","10":"instock","11":"shipping-taxable","12":"purchasable","13":"product-type-simple"},"_links":{"self":[{"href":"https:\/\/chestxray.co.za\/index.php?rest_route=\/wp\/v2\/product\/59716","targetHints":{"allow":["GET"]}}],"collection":[{"href":"https:\/\/chestxray.co.za\/index.php?rest_route=\/wp\/v2\/product"}],"about":[{"href":"https:\/\/chestxray.co.za\/index.php?rest_route=\/wp\/v2\/types\/product"}],"wp:featuredmedia":[{"embeddable":true,"href":"https:\/\/chestxray.co.za\/index.php?rest_route=\/wp\/v2\/media\/59776"}],"wp:attachment":[{"href":"https:\/\/chestxray.co.za\/index.php?rest_route=%2Fwp%2Fv2%2Fmedia&parent=59716"}],"wp:term":[{"taxonomy":"product_brand","embeddable":true,"href":"https:\/\/chestxray.co.za\/index.php?rest_route=%2Fwp%2Fv2%2Fproduct_brand&post=59716"},{"taxonomy":"product_cat","embeddable":true,"href":"https:\/\/chestxray.co.za\/index.php?rest_route=%2Fwp%2Fv2%2Fproduct_cat&post=59716"},{"taxonomy":"product_tag","embeddable":true,"href":"https:\/\/chestxray.co.za\/index.php?rest_route=%2Fwp%2Fv2%2Fproduct_tag&post=59716"}],"curies":[{"name":"wp","href":"https:\/\/api.w.org\/{rel}","templated":true}]}}