{"id":42205,"date":"2026-04-06T12:54:53","date_gmt":"2026-04-06T10:54:53","guid":{"rendered":"https:\/\/chestxray.co.za\/?post_type=product&#038;p=42205"},"modified":"2026-04-06T12:55:01","modified_gmt":"2026-04-06T10:55:01","slug":"24l-desktop-autoclave-steam-sterilizer-dental-sterilizer-machine","status":"publish","type":"product","link":"https:\/\/chestxray.co.za\/?product=24l-desktop-autoclave-steam-sterilizer-dental-sterilizer-machine","title":{"rendered":"24L desktop autoclave steam sterilizer dental sterilizer machine"},"content":{"rendered":"<h2>24L desktop autoclave steam sterilizer dental sterilizer machine<\/h2>\n<p> <strong>Features:<\/strong><br \/> 1. Indicator light indicates working state.<br \/> 2. For 4~6 minutes rapidly sterilizing.<br \/> 3. Sterilizing temperature and time can be preset.<br \/> 4. Steam-water inner circulation system: No steam discharge, and the environment for sterilizing will be clean and dry.<br \/> 5. Over temperature &#038; over pressure auto-protection.<br \/> 6. Safe protection of water lacking.<br \/> 7. Exhaust the cool air automatically.<br \/> 8. With three stainless steel sterilizing plates.<br \/> 9. The chamber of the sterilizer is made of stainless steel.<br \/> 10. Automatically shut off with beep reminding after sterilization. <\/p>\n<ul>\n<li><strong>MODEL \/ SPECIFICATION:<\/strong> TR250B-20 MS-TB24J<\/li>\n<li><strong>Sterilizing chamber volume:<\/strong> 20L(\u03c6 250\u00d7 420 mm) 24L(\u03c6 250\u00d7 520 mm)<\/li>\n<li><strong>Maximum working pressure:<\/strong> 0.22Mpa<\/li>\n<li><strong>Maximum working temperature:<\/strong> 134\u00ba C<\/li>\n<li><strong>Adjustment of temperature:<\/strong> 105-134\u00ba C<\/li>\n<li><strong>Timer:<\/strong> 0-60 min<\/li>\n<li><strong>Chamber temperature equal:<\/strong> \u2264 \u00b1 1\u00ba C<\/li>\n<li><strong>Source power:<\/strong> 1.5KW\/AC 220V 50Hz (AC110V 60HZ)<\/li>\n<li><strong>Sterilizing plate:<\/strong> 340\u00d7 200\u00d7 30 mm (3 pieces) 400\u00d7 200\u00d7 30 mm (3 pieces)<\/li>\n<li><strong>Dimension:<\/strong> 480\u00d7 480\u00d7 384 mm 580\u00d7 480\u00d7 384 mm<\/li>\n<li><strong>Package dimension:<\/strong> 700\u00d7 580\u00d7 500 mm 800\u00d7 580\u00d7 500 mm<\/li>\n<\/ul>\n","protected":false},"excerpt":{"rendered":"<p>1. Shell is by Stainless Steel<br \/> 2. computer type &#8211; full auto<br \/> 3. 24L<br \/> 4. 105-134?<br \/> 5. with dryer\u201d<\/p>\n<p>Model : MS-TB24J<\/p>\n","protected":false},"featured_media":42223,"template":"","meta":{"content-type":""},"product_brand":[],"product_cat":[4903],"product_tag":[8183],"class_list":{"0":"post-42205","1":"product","2":"type-product","3":"status-publish","4":"has-post-thumbnail","6":"product_cat-sterilizers-autoclaves","7":"product_tag-24l-desktop-autoclave-steam-sterilizer-dental-sterilizer-machine","9":"first","10":"instock","11":"shipping-taxable","12":"purchasable","13":"product-type-simple"},"_links":{"self":[{"href":"https:\/\/chestxray.co.za\/index.php?rest_route=\/wp\/v2\/product\/42205","targetHints":{"allow":["GET"]}}],"collection":[{"href":"https:\/\/chestxray.co.za\/index.php?rest_route=\/wp\/v2\/product"}],"about":[{"href":"https:\/\/chestxray.co.za\/index.php?rest_route=\/wp\/v2\/types\/product"}],"wp:featuredmedia":[{"embeddable":true,"href":"https:\/\/chestxray.co.za\/index.php?rest_route=\/wp\/v2\/media\/42223"}],"wp:attachment":[{"href":"https:\/\/chestxray.co.za\/index.php?rest_route=%2Fwp%2Fv2%2Fmedia&parent=42205"}],"wp:term":[{"taxonomy":"product_brand","embeddable":true,"href":"https:\/\/chestxray.co.za\/index.php?rest_route=%2Fwp%2Fv2%2Fproduct_brand&post=42205"},{"taxonomy":"product_cat","embeddable":true,"href":"https:\/\/chestxray.co.za\/index.php?rest_route=%2Fwp%2Fv2%2Fproduct_cat&post=42205"},{"taxonomy":"product_tag","embeddable":true,"href":"https:\/\/chestxray.co.za\/index.php?rest_route=%2Fwp%2Fv2%2Fproduct_tag&post=42205"}],"curies":[{"name":"wp","href":"https:\/\/api.w.org\/{rel}","templated":true}]}}